{"id":973,"date":"2024-01-04T15:00:30","date_gmt":"2024-01-04T15:00:30","guid":{"rendered":"http:\/\/www.musik-zum-tagesausklang.de\/?page_id=973"},"modified":"2024-05-09T21:45:23","modified_gmt":"2024-05-09T21:45:23","slug":"19-mai-2024-schongauer-orgelnacht","status":"publish","type":"page","link":"http:\/\/www.musik-zum-tagesausklang.de\/?page_id=973","title":{"rendered":"19. Mai 2024 &#8211; Schongauer Orgelnacht"},"content":{"rendered":"<h5><img loading=\"lazy\" decoding=\"async\" class=\"alignright size-medium wp-image-728\" src=\"http:\/\/www.musik-zum-tagesausklang.de\/wp-content\/uploads\/2021\/07\/Hauptorgel-MaH-300x200.jpg\" alt=\"\" width=\"300\" height=\"200\" srcset=\"http:\/\/www.musik-zum-tagesausklang.de\/wp-content\/uploads\/2021\/07\/Hauptorgel-MaH-300x200.jpg 300w, http:\/\/www.musik-zum-tagesausklang.de\/wp-content\/uploads\/2021\/07\/Hauptorgel-MaH-1024x683.jpg 1024w, http:\/\/www.musik-zum-tagesausklang.de\/wp-content\/uploads\/2021\/07\/Hauptorgel-MaH-768x512.jpg 768w, http:\/\/www.musik-zum-tagesausklang.de\/wp-content\/uploads\/2021\/07\/Hauptorgel-MaH-1536x1024.jpg 1536w, http:\/\/www.musik-zum-tagesausklang.de\/wp-content\/uploads\/2021\/07\/Hauptorgel-MaH-2048x1365.jpg 2048w\" sizes=\"auto, (max-width: 300px) 100vw, 300px\" \/>Pfingstsonntag, 19. Mai 2024 \/ 19.00 Uhr<br \/>\nStadtpfarrkirche Mariae Himmelfahrt<\/h5>\n<h5>&nbsp;<\/h5>\n<p>&nbsp;<\/p>\n<p>&nbsp;<\/p>\n<h4>SCHONGAUER ORGELNACHT 2024<\/h4>\n<div class=\"o9v6fnle cxmmr5t8 oygrvhab hcukyx3x c1et5uql\">&nbsp;<\/div>\n<div>&nbsp;<\/div>\n<p>&nbsp;<\/p>\n<p>Eine feste Institution im Kulturleben der Stadt ist die \u201eSchongauer Orgelnacht\u201c, die seit 2002 allj\u00e4hrlich traditionell am Pfingstsonntag in der Stadtpfarrkirche \u201eMariae Himmelfahrt\u201c stattfindet: in drei verschiedenen Konzerten von jeweils ca. 45 Minuten Dauer erleben Sie die enorme klangliche Bandbreite und Vielseitigkeit der Hauptorgel sowohl solistisch, wie auch als Begleitinstrument.<\/p>\n<p>Zudem haben Sie heuer erstmals die Gelegenheit, w\u00e4hrend Ihres Konzertbesuchs nicht nur die Musik zu h\u00f6ren, sondern mittels Gro\u00dfbild-Leinwand unter anderem die Akteure auf der Empore auch beim Musizieren zu sehen.<\/p>\n<p>&nbsp;<\/p>\n<p><a href=\"http:\/\/www.musik-zum-tagesausklang.de\/wp-content\/uploads\/2024\/04\/Orgelnacht-2024-Plakat-final.jpg\"><img loading=\"lazy\" decoding=\"async\" class=\"aligncenter wp-image-1016 size-large\" src=\"http:\/\/www.musik-zum-tagesausklang.de\/wp-content\/uploads\/2024\/04\/Orgelnacht-2024-Plakat-final-727x1024.jpg\" alt=\"\" width=\"640\" height=\"901\" srcset=\"http:\/\/www.musik-zum-tagesausklang.de\/wp-content\/uploads\/2024\/04\/Orgelnacht-2024-Plakat-final-727x1024.jpg 727w, http:\/\/www.musik-zum-tagesausklang.de\/wp-content\/uploads\/2024\/04\/Orgelnacht-2024-Plakat-final-213x300.jpg 213w, http:\/\/www.musik-zum-tagesausklang.de\/wp-content\/uploads\/2024\/04\/Orgelnacht-2024-Plakat-final-768x1082.jpg 768w, http:\/\/www.musik-zum-tagesausklang.de\/wp-content\/uploads\/2024\/04\/Orgelnacht-2024-Plakat-final-1091x1536.jpg 1091w, http:\/\/www.musik-zum-tagesausklang.de\/wp-content\/uploads\/2024\/04\/Orgelnacht-2024-Plakat-final-1454x2048.jpg 1454w, http:\/\/www.musik-zum-tagesausklang.de\/wp-content\/uploads\/2024\/04\/Orgelnacht-2024-Plakat-final.jpg 1778w\" sizes=\"auto, (max-width: 640px) 100vw, 640px\" \/><\/a><\/p>\n<p>&nbsp;<\/p>\n<p>&nbsp;<\/p>\n<p><strong>Programmheft<\/strong><\/p>\n<div class=\"_3d-flip-book  fb3d-fullscreen-mode full-size\" data-id=\"1023\" data-mode=\"fullscreen\" data-title=\"false\" data-template=\"short-white-book-view\" data-lightbox=\"dark-shadow\" data-urlparam=\"fb3d-page\" data-page-n=\"0\" data-pdf=\"\" data-tax=\"null\" data-thumbnail=\"\" data-cols=\"3\" data-book-template=\"default\" data-trigger=\"\"><\/div><script type=\"text\/javascript\">window.FB3D_CLIENT_DATA = window.FB3D_CLIENT_DATA || [];FB3D_CLIENT_DATA.push('eyJwb3N0cyI6eyIxMDIzIjp7IklEIjoxMDIzLCJ0aXRsZSI6IlNjaG9uZ2F1ZXIgT3JnZWxuYWNodCAyMDI0IiwidHlwZSI6InBkZiIsInJlYWR5X2Z1bmN0aW9uIjoiIiwiYm9va19zdHlsZSI6ImZsYXQiLCJib29rX3RlbXBsYXRlIjoibm9uZSIsIm91dGxpbmUiOltdLCJkYXRhIjp7InBvc3RfSUQiOiIxMDIyIiwiZ3VpZCI6Imh0dHA6XC9cL3d3dy5tdXNpay16dW0tdGFnZXNhdXNrbGFuZy5kZVwvd3AtY29udGVudFwvdXBsb2Fkc1wvMjAyNFwvMDVcL09yZ2VsbmFjaHQtMjAyNC1Qcm9ncmFtbWhlZnQtMTZTLnBkZiIsInBkZl9wYWdlcyI6IjE2IiwicGFnZXNfY3VzdG9taXphdGlvbiI6Im5vbmUifSwidGh1bWJuYWlsIjp7ImRhdGEiOnsicG9zdF9JRCI6IjAifSwidHlwZSI6ImF1dG8ifSwicHJvcHMiOnsiYmFja2dyb3VuZENvbG9yIjoiYXV0byIsImJhY2tncm91bmRJbWFnZSI6ImF1dG8iLCJiYWNrZ3JvdW5kU3R5bGUiOiJhdXRvIiwiaGlnaGxpZ2h0TGlua3MiOiJhdXRvIiwibGlnaHRpbmciOiJhdXRvIiwiY2FjaGVkUGFnZXMiOiJhdXRvIiwicmVuZGVySW5hY3RpdmVQYWdlcyI6ImF1dG8iLCJyZW5kZXJJbmFjdGl2ZVBhZ2VzT25Nb2JpbGUiOiJhdXRvIiwicmVuZGVyV2hpbGVGbGlwcGluZyI6ImF1dG8iLCJwcmVsb2FkUGFnZXMiOiJhdXRvIiwiYXV0b1BsYXlEdXJhdGlvbiI6ImF1dG8iLCJydGwiOiJhdXRvIiwiaW50ZXJhY3RpdmVDb3JuZXJzIjoiYXV0byIsIm1heERlcHRoIjoiYXV0byIsInNoZWV0Ijp7InN0YXJ0VmVsb2NpdHkiOiJhdXRvIiwid2F2ZSI6ImF1dG8iLCJzaGFwZSI6ImF1dG8iLCJ3aWR0aFRleGVscyI6ImF1dG8iLCJjb2xvciI6ImF1dG8iLCJzaWRlIjoiYXV0byIsImNvcm5lckRldmlhdGlvbiI6ImF1dG8iLCJmbGV4aWJpbGl0eSI6ImF1dG8iLCJmbGV4aWJsZUNvcm5lciI6ImF1dG8iLCJiZW5kaW5nIjoiYXV0byIsImhlaWdodFRleGVscyI6ImF1dG8ifSwiY292ZXIiOnsid2F2ZSI6ImF1dG8iLCJjb2xvciI6ImF1dG8iLCJzaWRlIjoiYXV0byIsImJpbmRlclRleHR1cmUiOiJhdXRvIiwiZGVwdGgiOiJhdXRvIiwicGFkZGluZyI6ImF1dG8iLCJzdGFydFZlbG9jaXR5IjoiYXV0byIsImZsZXhpYmlsaXR5IjoiYXV0byIsImZsZXhpYmxlQ29ybmVyIjoiYXV0byIsImJlbmRpbmciOiJhdXRvIiwid2lkdGhUZXhlbHMiOiJhdXRvIiwiaGVpZ2h0VGV4ZWxzIjoiYXV0byIsIm1hc3MiOiJhdXRvIiwic2hhcGUiOiJhdXRvIn0sInBhZ2UiOnsid2F2ZSI6ImF1dG8iLCJjb2xvciI6ImF1dG8iLCJzaWRlIjoiYXV0byIsImRlcHRoIjoiYXV0byIsInN0YXJ0VmVsb2NpdHkiOiJhdXRvIiwiZmxleGliaWxpdHkiOiJhdXRvIiwiZmxleGlibGVDb3JuZXIiOiJhdXRvIiwiYmVuZGluZyI6ImF1dG8iLCJ3aWR0aFRleGVscyI6ImF1dG8iLCJoZWlnaHRUZXhlbHMiOiJhdXRvIiwibWFzcyI6ImF1dG8iLCJzaGFwZSI6ImF1dG8ifSwiaGVpZ2h0IjoiYXV0byIsIndpZHRoIjoiYXV0byIsImdyYXZpdHkiOiJhdXRvIiwicGFnZXNGb3JQcmVkaWN0aW5nIjoiYXV0byJ9LCJjb250cm9sUHJvcHMiOnsiYWN0aW9ucyI6eyJjbWRUb2MiOnsiZW5hYmxlZCI6ImF1dG8iLCJlbmFibGVkSW5OYXJyb3ciOiJhdXRvIiwiYWN0aXZlIjoiYXV0byIsImRlZmF1bHRUYWIiOiJhdXRvIn0sImNtZEF1dG9QbGF5Ijp7ImVuYWJsZWQiOiJhdXRvIiwiZW5hYmxlZEluTmFycm93IjoiYXV0byIsImFjdGl2ZSI6ImF1dG8ifSwiY21kU2F2ZSI6eyJlbmFibGVkIjoiYXV0byIsImVuYWJsZWRJbk5hcnJvdyI6ImF1dG8ifSwiY21kUHJpbnQiOnsiZW5hYmxlZCI6ImF1dG8iLCJlbmFibGVkSW5OYXJyb3ciOiJhdXRvIn0sImNtZFNpbmdsZVBhZ2UiOnsiZW5hYmxlZCI6ImF1dG8iLCJlbmFibGVkSW5OYXJyb3ciOiJhdXRvIiwiYWN0aXZlIjoiYXV0byIsImFjdGl2ZUZvck1vYmlsZSI6ImF1dG8ifSwid2lkVG9vbGJhciI6eyJlbmFibGVkIjoiYXV0byIsImVuYWJsZWRJbk5hcnJvdyI6ImF1dG8ifX19LCJhdXRvVGh1bWJuYWlsIjoiaHR0cDpcL1wvd3d3Lm11c2lrLXp1bS10YWdlc2F1c2tsYW5nLmRlXC93cC1jb250ZW50XC91cGxvYWRzXC8zZC1mbGlwLWJvb2tcL2F1dG8tdGh1bWJuYWlsc1wvMTAyMy5wbmciLCJwb3N0X25hbWUiOiJzY2hvbmdhdWVyLW9yZ2VsbmFjaHQtMjAyNCIsInBvc3RfdHlwZSI6IjNkLWZsaXAtYm9vayJ9fSwicGFnZXMiOltdLCJmaXJzdFBhZ2VzIjpbXX0=');window.FB3D_CLIENT_LOCALE && FB3D_CLIENT_LOCALE.render && FB3D_CLIENT_LOCALE.render();<\/script>\n<p>&nbsp;<\/p>\n<p><b>Zeitplan<\/b><\/p>\n<p>&nbsp;<\/p>\n<p><strong>19.00 Uhr Birgit Br\u00fccklmayr (Marktoberdorf), Orgel<\/strong><\/p>\n<p>&nbsp;<\/p>\n<p>Johann Sebastian BACH<br \/>\n(1685 &#8211; 1750)<\/p>\n<p>Concerto a-Moll<br \/>\nBWV 593<br \/>\n(nach Antonio Vivaldi)<br \/>\n<i>Ohne Tempobezeichnung (Allegro)<br \/>\n<\/i><i>Adagio<br \/>\n<\/i><i>Allegro<\/i><\/p>\n<p>Pr\u00e4ludium und Fuge D-Dur<br \/>\nBWV 532<\/p>\n<p>&nbsp;<\/p>\n<p>&nbsp;<\/p>\n<p>Max REGER<br \/>\n(1873 &#8211; 1916)<\/p>\n<p>Introduction und Passacaglia d-Moll<br \/>\nohne Opuszahl<\/p>\n<p>Te Deum<br \/>\nop. 59\/12<\/p>\n<p>&nbsp;<\/p>\n<p>&nbsp;<\/p>\n<p>&nbsp;<\/p>\n<p>&nbsp;<\/p>\n<p>&nbsp;<\/p>\n<p><strong>19.45 Uhr Katharina Ehlich, Fl\u00f6te \/ Andreas Wiesmann, Orgel<\/strong><\/p>\n<p>&nbsp;<\/p>\n<p>Friedrich SCHWINDL<br \/>\n(1737 &#8211; 1786)<\/p>\n<p>Fl\u00f6tenkonzert D-Dur<i><br \/>\nAllegro<br \/>\n<\/i><i>Adagio<br \/>\n<\/i><i>Rondo (Presto)<\/i><\/p>\n<p>&nbsp;<\/p>\n<p>&nbsp;<\/p>\n<p>Carl REINECKE<br \/>\n(1824 &#8211; 1910) &#8211; 200. Geburtsjahr<\/p>\n<p>Fl\u00f6tenkonzert D-Dur<br \/>\nop. 283<br \/>\n<i>Allegro molto moderato<br \/>\n<\/i><i>Lento e mesto<br \/>\n<\/i><i>Finale (Moderato)<\/i><\/p>\n<p>&nbsp;<\/p>\n<p>&nbsp;<\/p>\n<p>&nbsp;<\/p>\n<p><strong>20.30 Uhr Andreas Wiesmann, Orgel<\/strong><\/p>\n<p>&nbsp;<\/p>\n<p>Johann Sebastian BACH<br \/>\n(1685 &#8211; 1750)<\/p>\n<p>Fantasie und Fuge g-Moll<br \/>\nBWV 542<\/p>\n<p>&nbsp;<\/p>\n<p>&nbsp;<\/p>\n<p>Dieterich BUXTEHUDE<br \/>\n(1637 &#8211; 1707)<\/p>\n<p>Orgelchoral \u201eKomm, Heiliger Geist, Herre Gott\u201c<br \/>\nBuxWV 199<\/p>\n<p>&nbsp;<\/p>\n<p>&nbsp;<\/p>\n<p>Joseph HAYDN<br \/>\n(1732 &#8211; 1809)<\/p>\n<p>Vier St\u00fccke f\u00fcr die Fl\u00f6tenuhr<br \/>\nHob. XIX<br \/>\n<i>Allegro ma non troppo<br \/>\n<\/i><i>Andante<br \/>\n<\/i><i>Menuett<br \/>\n<\/i><i>Presto<\/i><\/p>\n<p>&nbsp;<\/p>\n<p>&nbsp;<\/p>\n<p>Franz LISZT<br \/>\n(1811 &#8211; 1886)<\/p>\n<p>Sinfonische Dichtung Nr. 3: \u201eLes Pr\u00e9ludes\u201c<\/p>\n<p>&nbsp;<\/p>\n<p>&nbsp;<\/p>\n<p>&nbsp;<\/p>\n<p>&nbsp;<\/p>\n<p>&nbsp;<\/p>\n<p>Kommen und Gehen ist jederzeit m\u00f6glich.<\/p>\n","protected":false},"excerpt":{"rendered":"<p>Pfingstsonntag, 19. Mai 2024 \/ 19.00 Uhr Stadtpfarrkirche Mariae Himmelfahrt &nbsp; &nbsp; &nbsp; SCHONGAUER ORGELNACHT 2024 &nbsp; &nbsp; &nbsp; Eine feste Institution im Kulturleben der Stadt ist die \u201eSchongauer Orgelnacht\u201c, die seit 2002 allj\u00e4hrlich traditionell am Pfingstsonntag in der Stadtpfarrkirche \u201eMariae Himmelfahrt\u201c stattfindet: in drei verschiedenen Konzerten von jeweils ca. 45 Minuten Dauer erleben Sie die enorme klangliche Bandbreite und Vielseitigkeit der Hauptorgel sowohl solistisch, wie auch als Begleitinstrument. Zudem haben Sie heuer erstmals die Gelegenheit, w\u00e4hrend Ihres Konzertbesuchs nicht &hellip; <\/p>\n","protected":false},"author":1,"featured_media":0,"parent":0,"menu_order":0,"comment_status":"closed","ping_status":"closed","template":"","meta":{"ngg_post_thumbnail":0,"footnotes":""},"class_list":["post-973","page","type-page","status-publish","hentry"],"_links":{"self":[{"href":"http:\/\/www.musik-zum-tagesausklang.de\/index.php?rest_route=\/wp\/v2\/pages\/973","targetHints":{"allow":["GET"]}}],"collection":[{"href":"http:\/\/www.musik-zum-tagesausklang.de\/index.php?rest_route=\/wp\/v2\/pages"}],"about":[{"href":"http:\/\/www.musik-zum-tagesausklang.de\/index.php?rest_route=\/wp\/v2\/types\/page"}],"author":[{"embeddable":true,"href":"http:\/\/www.musik-zum-tagesausklang.de\/index.php?rest_route=\/wp\/v2\/users\/1"}],"replies":[{"embeddable":true,"href":"http:\/\/www.musik-zum-tagesausklang.de\/index.php?rest_route=%2Fwp%2Fv2%2Fcomments&post=973"}],"version-history":[{"count":12,"href":"http:\/\/www.musik-zum-tagesausklang.de\/index.php?rest_route=\/wp\/v2\/pages\/973\/revisions"}],"predecessor-version":[{"id":1024,"href":"http:\/\/www.musik-zum-tagesausklang.de\/index.php?rest_route=\/wp\/v2\/pages\/973\/revisions\/1024"}],"wp:attachment":[{"href":"http:\/\/www.musik-zum-tagesausklang.de\/index.php?rest_route=%2Fwp%2Fv2%2Fmedia&parent=973"}],"curies":[{"name":"wp","href":"https:\/\/api.w.org\/{rel}","templated":true}]}}