{"id":957,"date":"2024-01-04T14:45:16","date_gmt":"2024-01-04T14:45:16","guid":{"rendered":"http:\/\/www.musik-zum-tagesausklang.de\/?page_id=957"},"modified":"2024-01-04T14:47:18","modified_gmt":"2024-01-04T14:47:18","slug":"20-januar-2024","status":"publish","type":"page","link":"http:\/\/www.musik-zum-tagesausklang.de\/?page_id=957","title":{"rendered":"20. Januar 2024"},"content":{"rendered":"<h5><img loading=\"lazy\" decoding=\"async\" class=\"alignright size-medium wp-image-728\" src=\"http:\/\/www.musik-zum-tagesausklang.de\/wp-content\/uploads\/2021\/07\/Hauptorgel-MaH-300x200.jpg\" alt=\"\" width=\"300\" height=\"200\" srcset=\"http:\/\/www.musik-zum-tagesausklang.de\/wp-content\/uploads\/2021\/07\/Hauptorgel-MaH-300x200.jpg 300w, http:\/\/www.musik-zum-tagesausklang.de\/wp-content\/uploads\/2021\/07\/Hauptorgel-MaH-1024x683.jpg 1024w, http:\/\/www.musik-zum-tagesausklang.de\/wp-content\/uploads\/2021\/07\/Hauptorgel-MaH-768x512.jpg 768w, http:\/\/www.musik-zum-tagesausklang.de\/wp-content\/uploads\/2021\/07\/Hauptorgel-MaH-1536x1024.jpg 1536w, http:\/\/www.musik-zum-tagesausklang.de\/wp-content\/uploads\/2021\/07\/Hauptorgel-MaH-2048x1365.jpg 2048w\" sizes=\"auto, (max-width: 300px) 100vw, 300px\" \/>Samstag, 20. Januar 2024 \/ 19.00 Uhr<br \/>\nStadtpfarrkirche Mariae Himmelfahrt<\/h5>\n<h5>&nbsp;<\/h5>\n<p>&nbsp;<\/p>\n<p>&nbsp;<\/p>\n<h4>Zum 100. Todesjahr:<br \/>\nOrgelwerke von Giacomo Puccini<br \/>\nund Th\u00e9odore Dubois<\/h4>\n<div>&nbsp;<\/div>\n<div>&nbsp;<\/div>\n<div class=\"x11i5rnm xat24cr x1mh8g0r x1vvkbs xtlvy1s\">Giacomo PUCCINI<br \/>\n(1858 &#8211; 1924)<br \/>\nSonata per Organo in Sol Maggiore<\/div>\n<div class=\"x11i5rnm xat24cr x1mh8g0r x1vvkbs xtlvy1s\">&nbsp;<\/div>\n<div>&nbsp;<\/div>\n<div class=\"x11i5rnm xat24cr x1mh8g0r x1vvkbs xtlvy1s\">Th\u00e9odore DUBOIS<br \/>\n(1837 &#8211; 1924)<br \/>\nDouze Pi\u00e8ces pour Orgue<br \/>\n(Zw\u00f6lf Orgelwerke)<br \/>\n<em>&#8211; Pr\u00e9lude<\/em><br \/>\n<em>&#8211; Offertoire<\/em><br \/>\n<em>&#8211; Verset de Procession<\/em><br \/>\n<em>&#8211; Marche des Rois Mages (Marsch der Hl. Drei K\u00f6nige)<\/em><br \/>\n<em>&#8211; Toccata<\/em><\/div>\n<p>&nbsp;<\/p>\n<div>&nbsp;<\/div>\n<p>__________________________________________________<\/p>\n<p><em>Andreas Wiesmann, Orgel<\/em><\/p>\n","protected":false},"excerpt":{"rendered":"<p>Samstag, 20. Januar 2024 \/ 19.00 Uhr Stadtpfarrkirche Mariae Himmelfahrt &nbsp; &nbsp; &nbsp; Zum 100. Todesjahr: Orgelwerke von Giacomo Puccini und Th\u00e9odore Dubois &nbsp; &nbsp; Giacomo PUCCINI (1858 &#8211; 1924) Sonata per Organo in Sol Maggiore &nbsp; &nbsp; Th\u00e9odore DUBOIS (1837 &#8211; 1924) Douze Pi\u00e8ces pour Orgue (Zw\u00f6lf Orgelwerke) &#8211; Pr\u00e9lude &#8211; Offertoire &#8211; Verset de Procession &#8211; Marche des Rois Mages (Marsch der Hl. Drei K\u00f6nige) &#8211; Toccata &nbsp; &nbsp; __________________________________________________ Andreas Wiesmann, Orgel<\/p>\n","protected":false},"author":1,"featured_media":0,"parent":0,"menu_order":0,"comment_status":"closed","ping_status":"closed","template":"","meta":{"ngg_post_thumbnail":0,"footnotes":""},"class_list":["post-957","page","type-page","status-publish","hentry"],"_links":{"self":[{"href":"http:\/\/www.musik-zum-tagesausklang.de\/index.php?rest_route=\/wp\/v2\/pages\/957","targetHints":{"allow":["GET"]}}],"collection":[{"href":"http:\/\/www.musik-zum-tagesausklang.de\/index.php?rest_route=\/wp\/v2\/pages"}],"about":[{"href":"http:\/\/www.musik-zum-tagesausklang.de\/index.php?rest_route=\/wp\/v2\/types\/page"}],"author":[{"embeddable":true,"href":"http:\/\/www.musik-zum-tagesausklang.de\/index.php?rest_route=\/wp\/v2\/users\/1"}],"replies":[{"embeddable":true,"href":"http:\/\/www.musik-zum-tagesausklang.de\/index.php?rest_route=%2Fwp%2Fv2%2Fcomments&post=957"}],"version-history":[{"count":2,"href":"http:\/\/www.musik-zum-tagesausklang.de\/index.php?rest_route=\/wp\/v2\/pages\/957\/revisions"}],"predecessor-version":[{"id":960,"href":"http:\/\/www.musik-zum-tagesausklang.de\/index.php?rest_route=\/wp\/v2\/pages\/957\/revisions\/960"}],"wp:attachment":[{"href":"http:\/\/www.musik-zum-tagesausklang.de\/index.php?rest_route=%2Fwp%2Fv2%2Fmedia&parent=957"}],"curies":[{"name":"wp","href":"https:\/\/api.w.org\/{rel}","templated":true}]}}