{"id":799,"date":"2022-04-12T20:27:13","date_gmt":"2022-04-12T20:27:13","guid":{"rendered":"http:\/\/www.musik-zum-tagesausklang.de\/?page_id=799"},"modified":"2022-04-12T20:27:13","modified_gmt":"2022-04-12T20:27:13","slug":"05-juni-2022","status":"publish","type":"page","link":"http:\/\/www.musik-zum-tagesausklang.de\/?page_id=799","title":{"rendered":"05. Juni 2022"},"content":{"rendered":"<h5><img loading=\"lazy\" decoding=\"async\" class=\"alignright size-medium wp-image-728\" src=\"http:\/\/www.musik-zum-tagesausklang.de\/wp-content\/uploads\/2021\/07\/Hauptorgel-MaH-300x200.jpg\" alt=\"\" width=\"300\" height=\"200\" srcset=\"http:\/\/www.musik-zum-tagesausklang.de\/wp-content\/uploads\/2021\/07\/Hauptorgel-MaH-300x200.jpg 300w, http:\/\/www.musik-zum-tagesausklang.de\/wp-content\/uploads\/2021\/07\/Hauptorgel-MaH-1024x683.jpg 1024w, http:\/\/www.musik-zum-tagesausklang.de\/wp-content\/uploads\/2021\/07\/Hauptorgel-MaH-768x512.jpg 768w, http:\/\/www.musik-zum-tagesausklang.de\/wp-content\/uploads\/2021\/07\/Hauptorgel-MaH-1536x1024.jpg 1536w, http:\/\/www.musik-zum-tagesausklang.de\/wp-content\/uploads\/2021\/07\/Hauptorgel-MaH-2048x1365.jpg 2048w\" sizes=\"auto, (max-width: 300px) 100vw, 300px\" \/>Pfingstsonntag, 05. Juni 2022 \/ 19.00 Uhr<br \/>\nStadtpfarrkirche Mariae Himmelfahrt<\/h5>\n<h5>&nbsp;<\/h5>\n<p>&nbsp;<\/p>\n<p>&nbsp;<\/p>\n<h4>SCHONGAUER ORGELNACHT 2022<\/h4>\n<h4>\n10 Jahre Sandtner-Orgel<br \/>\nKonzerte zum Weihetag \/ Pfingstsonntag 2012<\/h4>\n<div class=\"o9v6fnle cxmmr5t8 oygrvhab hcukyx3x c1et5uql\">&nbsp;<\/div>\n<div>&nbsp;<\/div>\n<p>&nbsp;<\/p>\n<p>Nach einer zweij\u00e4hrigen, der Pandemie geschuldeten Pause, freuen wir uns, heuer wieder traditionell am Pfingstsonntag in der Stadtpfarrkirche Mariae Himmelfahrt die \u201eSchongauer Orgelnacht\u201c, wenn auch reduziert auf drei Konzerte, als Live-Veranstaltung anbieten zu k\u00f6nnen &#8211; eine feste, allj\u00e4hrlich wiederkehrende Institution im Kulturleben der Stadt.<\/p>\n<p>In den drei Konzerten von jeweils ca. 45 Minuten Dauer m\u00f6chten wir heuer das 10j\u00e4hrige Weihejubil\u00e4um der Hauptorgel von Mariae Himmelfahrt begehen und laden Sie ein, die enorme klangliche Bandbreite und Vielseitigkeit der gro\u00dfen Sandtner-Orgel sowohl solistisch, wie auch als Begleitinstrument zu erleben.<\/p>\n<p>&nbsp;<\/p>\n<p>&nbsp;<\/p>\n<p>&nbsp;<\/p>\n<p><b>Zeitplan<\/b><\/p>\n<p>&nbsp;<\/p>\n<p>19.00 Uhr Birgit Br\u00fccklmayr (Marktoberdorf), Orgel<\/p>\n<p>&nbsp;<\/p>\n<p>19.45 Uhr Katharina Ehlich, Fl\u00f6te \/ Andreas Wiesmann, Orgel<\/p>\n<p>&nbsp;<\/p>\n<p>20.30 Uhr Andreas Wiesmann, Orgel<\/p>\n<p>&nbsp;<\/p>\n<p>&nbsp;<\/p>\n<p>&nbsp;<\/p>\n<p>Kommen und Gehen ist jederzeit m\u00f6glich.<\/p>\n<p>Ein detailliertes Programmheft erscheint extra.<\/p>\n","protected":false},"excerpt":{"rendered":"<p>Pfingstsonntag, 05. Juni 2022 \/ 19.00 Uhr Stadtpfarrkirche Mariae Himmelfahrt &nbsp; &nbsp; &nbsp; SCHONGAUER ORGELNACHT 2022 10 Jahre Sandtner-Orgel Konzerte zum Weihetag \/ Pfingstsonntag 2012 &nbsp; &nbsp; &nbsp; Nach einer zweij\u00e4hrigen, der Pandemie geschuldeten Pause, freuen wir uns, heuer wieder traditionell am Pfingstsonntag in der Stadtpfarrkirche Mariae Himmelfahrt die \u201eSchongauer Orgelnacht\u201c, wenn auch reduziert auf drei Konzerte, als Live-Veranstaltung anbieten zu k\u00f6nnen &#8211; eine feste, allj\u00e4hrlich wiederkehrende Institution im Kulturleben der Stadt. In den drei Konzerten von jeweils ca. 45 &hellip; <\/p>\n","protected":false},"author":1,"featured_media":0,"parent":0,"menu_order":0,"comment_status":"closed","ping_status":"closed","template":"","meta":{"ngg_post_thumbnail":0,"footnotes":""},"class_list":["post-799","page","type-page","status-publish","hentry"],"_links":{"self":[{"href":"http:\/\/www.musik-zum-tagesausklang.de\/index.php?rest_route=\/wp\/v2\/pages\/799","targetHints":{"allow":["GET"]}}],"collection":[{"href":"http:\/\/www.musik-zum-tagesausklang.de\/index.php?rest_route=\/wp\/v2\/pages"}],"about":[{"href":"http:\/\/www.musik-zum-tagesausklang.de\/index.php?rest_route=\/wp\/v2\/types\/page"}],"author":[{"embeddable":true,"href":"http:\/\/www.musik-zum-tagesausklang.de\/index.php?rest_route=\/wp\/v2\/users\/1"}],"replies":[{"embeddable":true,"href":"http:\/\/www.musik-zum-tagesausklang.de\/index.php?rest_route=%2Fwp%2Fv2%2Fcomments&post=799"}],"version-history":[{"count":1,"href":"http:\/\/www.musik-zum-tagesausklang.de\/index.php?rest_route=\/wp\/v2\/pages\/799\/revisions"}],"predecessor-version":[{"id":801,"href":"http:\/\/www.musik-zum-tagesausklang.de\/index.php?rest_route=\/wp\/v2\/pages\/799\/revisions\/801"}],"wp:attachment":[{"href":"http:\/\/www.musik-zum-tagesausklang.de\/index.php?rest_route=%2Fwp%2Fv2%2Fmedia&parent=799"}],"curies":[{"name":"wp","href":"https:\/\/api.w.org\/{rel}","templated":true}]}}