{"id":716,"date":"2021-06-04T20:40:55","date_gmt":"2021-06-04T20:40:55","guid":{"rendered":"http:\/\/www.musik-zum-tagesausklang.de\/?page_id=716"},"modified":"2021-10-12T19:52:03","modified_gmt":"2021-10-12T19:52:03","slug":"23-oktober-2021-2","status":"publish","type":"page","link":"http:\/\/www.musik-zum-tagesausklang.de\/?page_id=716","title":{"rendered":"23. Oktober 2021"},"content":{"rendered":"<h5>Samstag, 23. Oktober 2021 \/ 19.00 Uhr<img loading=\"lazy\" decoding=\"async\" class=\"alignright wp-image-508 size-medium\" src=\"http:\/\/www.musik-zum-tagesausklang.de\/wp-content\/uploads\/2019\/12\/Ehlich_Katharina_2019_402F733E-2F1B-4AF2-8741-AE1CCF134AD1-200x300.jpg\" alt=\"\" width=\"200\" height=\"300\" srcset=\"http:\/\/www.musik-zum-tagesausklang.de\/wp-content\/uploads\/2019\/12\/Ehlich_Katharina_2019_402F733E-2F1B-4AF2-8741-AE1CCF134AD1-200x300.jpg 200w, http:\/\/www.musik-zum-tagesausklang.de\/wp-content\/uploads\/2019\/12\/Ehlich_Katharina_2019_402F733E-2F1B-4AF2-8741-AE1CCF134AD1-683x1024.jpg 683w, http:\/\/www.musik-zum-tagesausklang.de\/wp-content\/uploads\/2019\/12\/Ehlich_Katharina_2019_402F733E-2F1B-4AF2-8741-AE1CCF134AD1-768x1152.jpg 768w, http:\/\/www.musik-zum-tagesausklang.de\/wp-content\/uploads\/2019\/12\/Ehlich_Katharina_2019_402F733E-2F1B-4AF2-8741-AE1CCF134AD1-1024x1536.jpg 1024w, http:\/\/www.musik-zum-tagesausklang.de\/wp-content\/uploads\/2019\/12\/Ehlich_Katharina_2019_402F733E-2F1B-4AF2-8741-AE1CCF134AD1-1365x2048.jpg 1365w, http:\/\/www.musik-zum-tagesausklang.de\/wp-content\/uploads\/2019\/12\/Ehlich_Katharina_2019_402F733E-2F1B-4AF2-8741-AE1CCF134AD1-scaled.jpg 1707w\" sizes=\"auto, (max-width: 200px) 100vw, 200px\" \/><br \/>\nStadtpfarrkirche \u201eMariae Himmelfahrt\u201c<\/h5>\n<h5>DAS KONZERT FINDET UNTER BEACHTUNG DER GELTENDEN CORONA-BEDINGUNGEN MIT PUBLIKUM IM KIRCHENRAUM STATT!<\/h5>\n<p>&nbsp;<\/p>\n<p>&nbsp;<\/p>\n<h4>Fl\u00f6te und Orgel \/ Klavier<\/h4>\n<div class=\"o9v6fnle cxmmr5t8 oygrvhab hcukyx3x c1et5uql\">&nbsp;<\/div>\n<div>&nbsp;<\/div>\n<p>&nbsp;<\/p>\n<p>Peter von WINTER<br \/>\n(1754 &#8211; 1825)<br \/>\nFl\u00f6tenkonzert Nr. 2 d-Moll<br \/>\n<em>&#8211; Allegro<\/em><\/p>\n<p>&nbsp;<\/p>\n<p>Pjotr Iljitsch TSCHAIKOWSKI<br \/>\n(1840 &#8211; 1893)<br \/>\nParaphrase<br \/>\nf\u00fcr Fl\u00f6te und Klavier<\/p>\n<p>&nbsp;<\/p>\n<p>Jules MOUQUET<br \/>\n(1867 &#8211; 1946 \/ 75. Todestag am 25. Oktober)<br \/>\nLa fl\u00fbte de Pan<br \/>\nop. 15<br \/>\n<em>&#8211; Pan et les bergers<\/em><\/p>\n<p>&nbsp;<\/p>\n<div>&nbsp;<\/div>\n<p>__________________________________________________<\/p>\n<p><em>Katharina Ehlich, Fl\u00f6te<br \/>\nAndreas Wiesmann, Orgel \/ Klavier<br \/>\n<\/em><\/p>\n","protected":false},"excerpt":{"rendered":"<p>Samstag, 23. Oktober 2021 \/ 19.00 Uhr Stadtpfarrkirche \u201eMariae Himmelfahrt\u201c DAS KONZERT FINDET UNTER BEACHTUNG DER GELTENDEN CORONA-BEDINGUNGEN MIT PUBLIKUM IM KIRCHENRAUM STATT! &nbsp; &nbsp; Fl\u00f6te und Orgel \/ Klavier &nbsp; &nbsp; &nbsp; Peter von WINTER (1754 &#8211; 1825) Fl\u00f6tenkonzert Nr. 2 d-Moll &#8211; Allegro &nbsp; Pjotr Iljitsch TSCHAIKOWSKI (1840 &#8211; 1893) Paraphrase f\u00fcr Fl\u00f6te und Klavier &nbsp; Jules MOUQUET (1867 &#8211; 1946 \/ 75. Todestag am 25. Oktober) La fl\u00fbte de Pan op. 15 &#8211; Pan et les bergers &hellip; <\/p>\n","protected":false},"author":1,"featured_media":0,"parent":0,"menu_order":0,"comment_status":"closed","ping_status":"closed","template":"","meta":{"ngg_post_thumbnail":0,"footnotes":""},"class_list":["post-716","page","type-page","status-publish","hentry"],"_links":{"self":[{"href":"http:\/\/www.musik-zum-tagesausklang.de\/index.php?rest_route=\/wp\/v2\/pages\/716","targetHints":{"allow":["GET"]}}],"collection":[{"href":"http:\/\/www.musik-zum-tagesausklang.de\/index.php?rest_route=\/wp\/v2\/pages"}],"about":[{"href":"http:\/\/www.musik-zum-tagesausklang.de\/index.php?rest_route=\/wp\/v2\/types\/page"}],"author":[{"embeddable":true,"href":"http:\/\/www.musik-zum-tagesausklang.de\/index.php?rest_route=\/wp\/v2\/users\/1"}],"replies":[{"embeddable":true,"href":"http:\/\/www.musik-zum-tagesausklang.de\/index.php?rest_route=%2Fwp%2Fv2%2Fcomments&post=716"}],"version-history":[{"count":5,"href":"http:\/\/www.musik-zum-tagesausklang.de\/index.php?rest_route=\/wp\/v2\/pages\/716\/revisions"}],"predecessor-version":[{"id":788,"href":"http:\/\/www.musik-zum-tagesausklang.de\/index.php?rest_route=\/wp\/v2\/pages\/716\/revisions\/788"}],"wp:attachment":[{"href":"http:\/\/www.musik-zum-tagesausklang.de\/index.php?rest_route=%2Fwp%2Fv2%2Fmedia&parent=716"}],"curies":[{"name":"wp","href":"https:\/\/api.w.org\/{rel}","templated":true}]}}