{"id":527,"date":"2020-03-18T21:06:45","date_gmt":"2020-03-18T21:06:45","guid":{"rendered":"http:\/\/www.musik-zum-tagesausklang.de\/?page_id=527"},"modified":"2020-04-26T05:35:48","modified_gmt":"2020-04-26T05:35:48","slug":"live","status":"publish","type":"page","link":"http:\/\/www.musik-zum-tagesausklang.de\/?page_id=527","title":{"rendered":"Live"},"content":{"rendered":"<h5>Da aufgrund der momentanen Situation auch die \u201eMusik zum Tagesausklang\u201c als \u00f6ffentliche Veranstaltung in der Stadtpfarrkirche \u201eMariae Himmelfahrt\u201c leider abgesagt werden musste, m\u00f6chten wir Ihnen die Gelegenheit bieten, unsere Konzerte dennoch miterleben zu k\u00f6nnen und laden Sie ganz herzlich ein, uns zu den angek\u00fcndigten Terminen auf dieser Seite zu besuchen: hier zeigen wir Ihnen per Video aus der Stadtpfarrkirche das Programm in voller L\u00e4nge.<\/h5>\n<h4>Samstag, 25. April 2020 \/ 19.00 Uhr<br \/>\nOrgelwerke von Johann Sebastian Bach und Franz Liszt<\/h4>\n<p><span class=\"copycode\"><div class=\"epyt-video-wrapper\"><iframe loading=\"lazy\"  id=\"_ytid_25599\"  width=\"640\" height=\"360\"  data-origwidth=\"640\" data-origheight=\"360\"  data-relstop=\"1\" src=\"https:\/\/www.youtube.com\/embed\/-ROCnhe9EgM?enablejsapi=1&autoplay=0&cc_load_policy=0&cc_lang_pref=&iv_load_policy=1&loop=0&rel=0&fs=1&playsinline=0&autohide=2&theme=dark&color=red&controls=1&disablekb=0&\" class=\"__youtube_prefs__  no-lazyload\" title=\"YouTube player\"  allow=\"fullscreen; accelerometer; autoplay; clipboard-write; encrypted-media; gyroscope; picture-in-picture; web-share\" referrerpolicy=\"strict-origin-when-cross-origin\" allowfullscreen data-no-lazy=\"1\" data-skipgform_ajax_framebjll=\"\"><\/iframe><\/div><\/span><\/p>\n<p>&nbsp;<\/p>\n<p>Johann Sebastian BACH<br \/>\n(1685 &#8211; 1750)<br \/>\nToccata und Fuge F-Dur<br \/>\nBWV 540<\/p>\n<p>&nbsp;<\/p>\n<p>Johann Sebastian BACH<br \/>\n(1685 &#8211; 1750)<br \/>\n\u201eSch\u00fcbler-Chor\u00e4le\u201c<br \/>\n<em>Wer nur den lieben Gott l\u00e4sst walten BWV 647<\/em><br \/>\n<em>Meine Seel erhebt den Herren BWV 648<\/em><br \/>\n<em>Ach bleib bei uns, Herr Jesu Christ BWV 649<\/em><\/p>\n<p>&nbsp;<\/p>\n<p>Franz LISZT<br \/>\n(1811 &#8211; 1886)<br \/>\nPr\u00e4ludium und Fuge \u00fcber den Namen B-A-C-H<\/p>\n<p>&nbsp;<\/p>\n<p>&nbsp;<\/p>\n<p>__________________________________________________<\/p>\n<p><em>Texte: Stadtpfarrer Norbert Marxer<br \/>\nOrgel: Andreas Wiesmann<br \/>\n<\/em><\/p>\n","protected":false},"excerpt":{"rendered":"<p>Da aufgrund der momentanen Situation auch die \u201eMusik zum Tagesausklang\u201c als \u00f6ffentliche Veranstaltung in der Stadtpfarrkirche \u201eMariae Himmelfahrt\u201c leider abgesagt werden musste, m\u00f6chten wir Ihnen die Gelegenheit bieten, unsere Konzerte dennoch miterleben zu k\u00f6nnen und laden Sie ganz herzlich ein, uns zu den angek\u00fcndigten Terminen auf dieser Seite zu besuchen: hier zeigen wir Ihnen per Video aus der Stadtpfarrkirche das Programm in voller L\u00e4nge. Samstag, 25. April 2020 \/ 19.00 Uhr Orgelwerke von Johann Sebastian Bach und Franz Liszt &nbsp; &hellip; <\/p>\n","protected":false},"author":1,"featured_media":0,"parent":0,"menu_order":0,"comment_status":"closed","ping_status":"closed","template":"","meta":{"ngg_post_thumbnail":0,"footnotes":""},"class_list":["post-527","page","type-page","status-publish","hentry"],"_links":{"self":[{"href":"http:\/\/www.musik-zum-tagesausklang.de\/index.php?rest_route=\/wp\/v2\/pages\/527","targetHints":{"allow":["GET"]}}],"collection":[{"href":"http:\/\/www.musik-zum-tagesausklang.de\/index.php?rest_route=\/wp\/v2\/pages"}],"about":[{"href":"http:\/\/www.musik-zum-tagesausklang.de\/index.php?rest_route=\/wp\/v2\/types\/page"}],"author":[{"embeddable":true,"href":"http:\/\/www.musik-zum-tagesausklang.de\/index.php?rest_route=\/wp\/v2\/users\/1"}],"replies":[{"embeddable":true,"href":"http:\/\/www.musik-zum-tagesausklang.de\/index.php?rest_route=%2Fwp%2Fv2%2Fcomments&post=527"}],"version-history":[{"count":12,"href":"http:\/\/www.musik-zum-tagesausklang.de\/index.php?rest_route=\/wp\/v2\/pages\/527\/revisions"}],"predecessor-version":[{"id":565,"href":"http:\/\/www.musik-zum-tagesausklang.de\/index.php?rest_route=\/wp\/v2\/pages\/527\/revisions\/565"}],"wp:attachment":[{"href":"http:\/\/www.musik-zum-tagesausklang.de\/index.php?rest_route=%2Fwp%2Fv2%2Fmedia&parent=527"}],"curies":[{"name":"wp","href":"https:\/\/api.w.org\/{rel}","templated":true}]}}