{"id":491,"date":"2019-12-01T22:19:42","date_gmt":"2019-12-01T22:19:42","guid":{"rendered":"http:\/\/www.musik-zum-tagesausklang.de\/?page_id=491"},"modified":"2020-08-09T16:30:08","modified_gmt":"2020-08-09T16:30:08","slug":"24-oktober-2020","status":"publish","type":"page","link":"http:\/\/www.musik-zum-tagesausklang.de\/?page_id=491","title":{"rendered":"24. Oktober 2020"},"content":{"rendered":"<h5>Samstag, 24. Oktober 2020 \/ 19.00 Uhr<img loading=\"lazy\" decoding=\"async\" class=\"wp-image-374 size-medium alignright\" src=\"http:\/\/www.musik-zum-tagesausklang.de\/wp-content\/uploads\/2019\/06\/Wiesmann2019-7-226x300.jpg\" alt=\"\" width=\"226\" height=\"300\" srcset=\"http:\/\/www.musik-zum-tagesausklang.de\/wp-content\/uploads\/2019\/06\/Wiesmann2019-7-226x300.jpg 226w, http:\/\/www.musik-zum-tagesausklang.de\/wp-content\/uploads\/2019\/06\/Wiesmann2019-7-768x1018.jpg 768w, http:\/\/www.musik-zum-tagesausklang.de\/wp-content\/uploads\/2019\/06\/Wiesmann2019-7-773x1024.jpg 773w\" sizes=\"auto, (max-width: 226px) 100vw, 226px\" \/><br \/>\nStadtpfarrkirche \u201eMariae Himmelfahrt\u201c<\/h5>\n<p>&nbsp;<\/p>\n<h4>Zwei Orgeln &#8211; zwei Jubilare<br \/>\nOrgelwerke von Ludwig van Beethoven<br \/>\nund Louis Vierne<\/h4>\n<p>&nbsp;<\/p>\n<div class=\"o9v6fnle cxmmr5t8 oygrvhab hcukyx3x c1et5uql\">CHORORGEL<\/div>\n<div>&nbsp;<\/div>\n<div class=\"o9v6fnle cxmmr5t8 oygrvhab hcukyx3x c1et5uql\">Ludwig van BEETHOVEN<br \/>\n(1770 &#8211; 1827) &#8211; 250. Geburtsjahr<\/div>\n<div>&nbsp;<\/div>\n<div class=\"o9v6fnle cxmmr5t8 oygrvhab hcukyx3x c1et5uql\">Fl\u00f6tenuhr-St\u00fccke<br \/>\nWoO 33<br \/>\n<em>&#8211; Allegro in G<\/em><br \/>\n<em>&#8211; Allegro non pi\u00f9 molto in C<\/em><\/div>\n<div>&nbsp;<\/div>\n<div>&nbsp;<\/div>\n<div>&nbsp;<\/div>\n<div class=\"o9v6fnle cxmmr5t8 oygrvhab hcukyx3x c1et5uql\">HAUPTORGEL<\/div>\n<div>&nbsp;<\/div>\n<div class=\"o9v6fnle cxmmr5t8 oygrvhab hcukyx3x c1et5uql\">Louis VIERNE<br \/>\n(1870 &#8211; 1937) &#8211; 150. Geburtsjahr<\/div>\n<div>&nbsp;<\/div>\n<div>Carillon de Westminster<br \/>\nop. 54\/6<\/div>\n<div>&nbsp;<\/div>\n<div class=\"o9v6fnle cxmmr5t8 oygrvhab hcukyx3x c1et5uql\">Orgelsymphonie Nr. 1 d-Moll<br \/>\nop. 14<br \/>\n<em>&#8211; Allegro vivace<\/em><br \/>\n<em>&#8211; Final<\/em><\/div>\n<div>&nbsp;<\/div>\n<p>__________________________________________________<\/p>\n<p><em>Andreas Wiesmann, Orgel<\/em><\/p>\n","protected":false},"excerpt":{"rendered":"<p>Samstag, 24. Oktober 2020 \/ 19.00 Uhr Stadtpfarrkirche \u201eMariae Himmelfahrt\u201c &nbsp; Zwei Orgeln &#8211; zwei Jubilare Orgelwerke von Ludwig van Beethoven und Louis Vierne &nbsp; CHORORGEL &nbsp; Ludwig van BEETHOVEN (1770 &#8211; 1827) &#8211; 250. Geburtsjahr &nbsp; Fl\u00f6tenuhr-St\u00fccke WoO 33 &#8211; Allegro in G &#8211; Allegro non pi\u00f9 molto in C &nbsp; &nbsp; &nbsp; HAUPTORGEL &nbsp; Louis VIERNE (1870 &#8211; 1937) &#8211; 150. Geburtsjahr &nbsp; Carillon de Westminster op. 54\/6 &nbsp; Orgelsymphonie Nr. 1 d-Moll op. 14 &#8211; Allegro vivace &hellip; <\/p>\n","protected":false},"author":1,"featured_media":0,"parent":0,"menu_order":0,"comment_status":"closed","ping_status":"closed","template":"","meta":{"ngg_post_thumbnail":0,"footnotes":""},"class_list":["post-491","page","type-page","status-publish","hentry"],"_links":{"self":[{"href":"http:\/\/www.musik-zum-tagesausklang.de\/index.php?rest_route=\/wp\/v2\/pages\/491","targetHints":{"allow":["GET"]}}],"collection":[{"href":"http:\/\/www.musik-zum-tagesausklang.de\/index.php?rest_route=\/wp\/v2\/pages"}],"about":[{"href":"http:\/\/www.musik-zum-tagesausklang.de\/index.php?rest_route=\/wp\/v2\/types\/page"}],"author":[{"embeddable":true,"href":"http:\/\/www.musik-zum-tagesausklang.de\/index.php?rest_route=\/wp\/v2\/users\/1"}],"replies":[{"embeddable":true,"href":"http:\/\/www.musik-zum-tagesausklang.de\/index.php?rest_route=%2Fwp%2Fv2%2Fcomments&post=491"}],"version-history":[{"count":6,"href":"http:\/\/www.musik-zum-tagesausklang.de\/index.php?rest_route=\/wp\/v2\/pages\/491\/revisions"}],"predecessor-version":[{"id":610,"href":"http:\/\/www.musik-zum-tagesausklang.de\/index.php?rest_route=\/wp\/v2\/pages\/491\/revisions\/610"}],"wp:attachment":[{"href":"http:\/\/www.musik-zum-tagesausklang.de\/index.php?rest_route=%2Fwp%2Fv2%2Fmedia&parent=491"}],"curies":[{"name":"wp","href":"https:\/\/api.w.org\/{rel}","templated":true}]}}