{"id":477,"date":"2019-12-01T22:16:54","date_gmt":"2019-12-01T22:16:54","guid":{"rendered":"http:\/\/www.musik-zum-tagesausklang.de\/?page_id=477"},"modified":"2019-12-31T09:44:12","modified_gmt":"2019-12-31T09:44:12","slug":"29-februar-2020","status":"publish","type":"page","link":"http:\/\/www.musik-zum-tagesausklang.de\/?page_id=477","title":{"rendered":"29. Februar 2020"},"content":{"rendered":"<h5>Samstag, 29. Februar 2020 \/ 19.00 Uhr<img loading=\"lazy\" decoding=\"async\" class=\"wp-image-508 size-medium alignright\" src=\"http:\/\/www.musik-zum-tagesausklang.de\/wp-content\/uploads\/2019\/12\/Ehlich_Katharina_2019_402F733E-2F1B-4AF2-8741-AE1CCF134AD1-200x300.jpg\" alt=\"\" width=\"200\" height=\"300\" srcset=\"http:\/\/www.musik-zum-tagesausklang.de\/wp-content\/uploads\/2019\/12\/Ehlich_Katharina_2019_402F733E-2F1B-4AF2-8741-AE1CCF134AD1-200x300.jpg 200w, http:\/\/www.musik-zum-tagesausklang.de\/wp-content\/uploads\/2019\/12\/Ehlich_Katharina_2019_402F733E-2F1B-4AF2-8741-AE1CCF134AD1-683x1024.jpg 683w, http:\/\/www.musik-zum-tagesausklang.de\/wp-content\/uploads\/2019\/12\/Ehlich_Katharina_2019_402F733E-2F1B-4AF2-8741-AE1CCF134AD1-768x1152.jpg 768w, http:\/\/www.musik-zum-tagesausklang.de\/wp-content\/uploads\/2019\/12\/Ehlich_Katharina_2019_402F733E-2F1B-4AF2-8741-AE1CCF134AD1-1024x1536.jpg 1024w, http:\/\/www.musik-zum-tagesausklang.de\/wp-content\/uploads\/2019\/12\/Ehlich_Katharina_2019_402F733E-2F1B-4AF2-8741-AE1CCF134AD1-1365x2048.jpg 1365w, http:\/\/www.musik-zum-tagesausklang.de\/wp-content\/uploads\/2019\/12\/Ehlich_Katharina_2019_402F733E-2F1B-4AF2-8741-AE1CCF134AD1-scaled.jpg 1707w\" sizes=\"auto, (max-width: 200px) 100vw, 200px\" \/><br \/>\nStadtpfarrkirche \u201eMariae Himmelfahrt\u201c<\/h5>\n<h4>Werke f\u00fcr Fl\u00f6te und Orgel<\/h4>\n<p>&nbsp;<\/p>\n<p>Wolfgang Amadeus MOZART<br \/>\n(1756 &#8211; 1791)<br \/>\nRondo D-Dur<br \/>\nKV Anh. 184<\/p>\n<p>&nbsp;<\/p>\n<p>Carl REINECKE<br \/>\n(1824 &#8211; 1910)<br \/>\nBallade f\u00fcr Fl\u00f6te<br \/>\nop. 288<\/p>\n<p>&nbsp;<\/p>\n<p>Fran\u00e7ois DEVIENNE<br \/>\n(1759 &#8211; 1803)<br \/>\nFl\u00f6tenkonzert Nr. 8 G-Dur<br \/>\n<i>Allegro<\/i><\/p>\n<p>&nbsp;<\/p>\n<p>__________________________________________________<\/p>\n<p><em>Katharina Ehlich, Fl\u00f6te<\/em><br \/>\n<em>Andreas Wiesmann, Orgel<\/em><\/p>\n","protected":false},"excerpt":{"rendered":"<p>Samstag, 29. Februar 2020 \/ 19.00 Uhr Stadtpfarrkirche \u201eMariae Himmelfahrt\u201c Werke f\u00fcr Fl\u00f6te und Orgel &nbsp; Wolfgang Amadeus MOZART (1756 &#8211; 1791) Rondo D-Dur KV Anh. 184 &nbsp; Carl REINECKE (1824 &#8211; 1910) Ballade f\u00fcr Fl\u00f6te op. 288 &nbsp; Fran\u00e7ois DEVIENNE (1759 &#8211; 1803) Fl\u00f6tenkonzert Nr. 8 G-Dur Allegro &nbsp; __________________________________________________ Katharina Ehlich, Fl\u00f6te Andreas Wiesmann, Orgel<\/p>\n","protected":false},"author":1,"featured_media":0,"parent":0,"menu_order":0,"comment_status":"closed","ping_status":"closed","template":"","meta":{"ngg_post_thumbnail":0,"footnotes":""},"class_list":["post-477","page","type-page","status-publish","hentry"],"_links":{"self":[{"href":"http:\/\/www.musik-zum-tagesausklang.de\/index.php?rest_route=\/wp\/v2\/pages\/477","targetHints":{"allow":["GET"]}}],"collection":[{"href":"http:\/\/www.musik-zum-tagesausklang.de\/index.php?rest_route=\/wp\/v2\/pages"}],"about":[{"href":"http:\/\/www.musik-zum-tagesausklang.de\/index.php?rest_route=\/wp\/v2\/types\/page"}],"author":[{"embeddable":true,"href":"http:\/\/www.musik-zum-tagesausklang.de\/index.php?rest_route=\/wp\/v2\/users\/1"}],"replies":[{"embeddable":true,"href":"http:\/\/www.musik-zum-tagesausklang.de\/index.php?rest_route=%2Fwp%2Fv2%2Fcomments&post=477"}],"version-history":[{"count":5,"href":"http:\/\/www.musik-zum-tagesausklang.de\/index.php?rest_route=\/wp\/v2\/pages\/477\/revisions"}],"predecessor-version":[{"id":521,"href":"http:\/\/www.musik-zum-tagesausklang.de\/index.php?rest_route=\/wp\/v2\/pages\/477\/revisions\/521"}],"wp:attachment":[{"href":"http:\/\/www.musik-zum-tagesausklang.de\/index.php?rest_route=%2Fwp%2Fv2%2Fmedia&parent=477"}],"curies":[{"name":"wp","href":"https:\/\/api.w.org\/{rel}","templated":true}]}}