{"id":13,"date":"2019-01-20T14:12:02","date_gmt":"2019-01-20T14:12:02","guid":{"rendered":"http:\/\/musik-zum-tagesausklang.de\/?page_id=13"},"modified":"2022-05-04T06:30:59","modified_gmt":"2022-05-04T06:30:59","slug":"schongauer-orgelnacht","status":"publish","type":"page","link":"http:\/\/www.musik-zum-tagesausklang.de\/?page_id=13","title":{"rendered":"Schongauer Orgelnacht"},"content":{"rendered":"<p>Nach einer zweij\u00e4hrigen der Pandemie geschuldeten Pause freuen wir uns, Sie heuer wieder traditionell am Pfingstsonntag zur \u201eSchongauer Orgelnacht\u201c, wenn auch reduziert auf nur drei Konzerte, als Live-Veranstaltung in der Stadtpfarrkirche Mariae Himmelfahrt begr\u00fc\u00dfen zu d\u00fcrfen!<\/p>\n<p>Genau vor 10 Jahren &#8211; am Pfingstsonntag 2012 &#8211; fand die feierliche Weihe unserer Hauptorgel durch den emeritierten Bischof von Augsburg, Dr. Viktor Josef Dammertz, statt &#8211; und dieses Jubil\u00e4um m\u00f6chten wir in den drei Konzerten des heutigen Abends begehen. Wir laden Sie ein, die enorme klangliche Bandbreite und Vielseitigkeit der gro\u00dfen Sandtner-Orgel sowohl solistisch im ersten und dritten Konzert, wie auch als Duo-Partnerin zur Fl\u00f6te im zweiten Konzert zu erleben.<\/p>\n<p>&nbsp;<\/p>\n<p>Seien Sie also herzlich willkommen bei der<\/p>\n<h2><b>Schongauer Orgelnacht 2022<\/b><\/h2>\n<p>&#8211; einer festen, allj\u00e4hrlich am Pfingstsonntag wiederkehrenden Institution im Kulturleben unserer Stadt seit dem Jahr 2002 &#8211; und genie\u00dfen Sie die Einheit der musikalischen Beitr\u00e4ge mit dem prachtvollen Kirchenraum von Mariae Himmelfahrt endlich wieder als Gemeinschaftserlebnis in der einzigartigen Atmosph\u00e4re eines Live-Konzerts.<\/p>\n<p>&nbsp;<\/p>\n<p>Kommen und Gehen ist jederzeit m\u00f6glich, der Eintritt ist frei; Spenden kommen der Kirchenmusik in der Pfarrei zugute.<\/p>\n<p>&nbsp;<\/p>\n<h3>Abendprogramm<\/h3>\n<p>&nbsp;<\/p>\n<h5><img loading=\"lazy\" decoding=\"async\" class=\"alignright size-medium wp-image-825\" src=\"http:\/\/www.musik-zum-tagesausklang.de\/wp-content\/uploads\/2022\/04\/Bruecklmayr-Birgit-227x300.jpg\" alt=\"\" width=\"200\" height=\"300\">19.00 Uhr &#8211; Konzert I<br \/>\nBirgit Br\u00fccklmayr (Marktoberdorf), Orgel<\/h5>\n<p>&nbsp;<\/p>\n<p>Johann Sebastian BACH<br \/>\n(1685 &#8211; 1750)<br \/>\nPr\u00e4ludium und Fuge G-Dur BWV 541<\/p>\n<p>&nbsp;<\/p>\n<p>Felix MENDELSSOHN BARTHOLDY<br \/>\n(1809 &#8211; 1847)<br \/>\nOrgelsonate Nr. 6 d-Moll op. 65\/6<br \/>\n\u201eVater unser im Himmelreich\u201c<br \/>\n<i>Choral mit Variationen (Vater unser im Himmelreich)<br \/>\n<\/i><i>Fuga: Sostenuto e legato<br \/>\n<\/i><i>Finale: Andante<\/i><\/p>\n<p><i>&nbsp;<\/i><\/p>\n<p>C\u00e9sar FRANCK<br \/>\n(1822 &#8211; 1890)<br \/>\nPr\u00e9lude, Fugue et Variation h-Moll op. 18<\/p>\n<p>&nbsp;<\/p>\n<p>Johann Sebastian BACH<br \/>\n(1685 &#8211; 1750)<br \/>\nToccata und Fuge d-Moll BWV 565<\/p>\n<p>&nbsp;<\/p>\n<h5>&nbsp;<\/h5>\n<h5><img loading=\"lazy\" decoding=\"async\" class=\"alignright size-medium wp-image-508\" src=\"http:\/\/www.musik-zum-tagesausklang.de\/wp-content\/uploads\/2019\/12\/Ehlich_Katharina_2019_402F733E-2F1B-4AF2-8741-AE1CCF134AD1-200x300.jpg\" alt=\"\" width=\"200\" height=\"300\" srcset=\"http:\/\/www.musik-zum-tagesausklang.de\/wp-content\/uploads\/2019\/12\/Ehlich_Katharina_2019_402F733E-2F1B-4AF2-8741-AE1CCF134AD1-200x300.jpg 200w, http:\/\/www.musik-zum-tagesausklang.de\/wp-content\/uploads\/2019\/12\/Ehlich_Katharina_2019_402F733E-2F1B-4AF2-8741-AE1CCF134AD1-683x1024.jpg 683w, http:\/\/www.musik-zum-tagesausklang.de\/wp-content\/uploads\/2019\/12\/Ehlich_Katharina_2019_402F733E-2F1B-4AF2-8741-AE1CCF134AD1-768x1152.jpg 768w, http:\/\/www.musik-zum-tagesausklang.de\/wp-content\/uploads\/2019\/12\/Ehlich_Katharina_2019_402F733E-2F1B-4AF2-8741-AE1CCF134AD1-1024x1536.jpg 1024w, http:\/\/www.musik-zum-tagesausklang.de\/wp-content\/uploads\/2019\/12\/Ehlich_Katharina_2019_402F733E-2F1B-4AF2-8741-AE1CCF134AD1-1365x2048.jpg 1365w, http:\/\/www.musik-zum-tagesausklang.de\/wp-content\/uploads\/2019\/12\/Ehlich_Katharina_2019_402F733E-2F1B-4AF2-8741-AE1CCF134AD1-scaled.jpg 1707w\" sizes=\"auto, (max-width: 200px) 100vw, 200px\" \/>19.45 Uhr &#8211; Konzert II<br \/>\nKatharina Ehlich, Fl\u00f6te \/ Andreas Wiesmann, Orgel<\/h5>\n<p>&nbsp;<\/p>\n<p>Wolfgang Amadeus MOZART<br \/>\n(1756 &#8211; 1791)<br \/>\nFl\u00f6tenkonzert D-Dur KV 314<br \/>\n<i>Allegro aperto<br \/>\n<\/i><i>Adagio ma non troppo<br \/>\n<\/i><i>Rondeau: Allegro<\/i><\/p>\n<p><i>&nbsp;<\/i><\/p>\n<p>C\u00e9sar FRANCK<br \/>\n(1822 &#8211; 1890)<br \/>\nPanis angelicus<br \/>\naus der Messe solennelle A-Dur FWV 61<br \/>\n<i>(Bearbeitung f\u00fcr Fl\u00f6te und Orgel)<\/i><\/p>\n<p><i>&nbsp;<\/i><\/p>\n<p>Edward ELGAR<br \/>\n(1857 &#8211; 1934)<br \/>\nEnigma-Variationen op. 36<br \/>\n<i>Nr. 9 \/ Nimrod: Adagio<\/i><\/p>\n<p>&nbsp;<\/p>\n<p>&nbsp;<\/p>\n<h5><img loading=\"lazy\" decoding=\"async\" class=\"alignright size-medium wp-image-374\" src=\"http:\/\/www.musik-zum-tagesausklang.de\/wp-content\/uploads\/2019\/06\/Wiesmann2019-7-226x300.jpg\" alt=\"\" width=\"200\" height=\"300\">20.30 Uhr &#8211; Konzert III<br \/>\nAndreas Wiesmann, Orgel<\/h5>\n<p>&nbsp;<\/p>\n<p>Charles-Marie WIDOR<br \/>\n(1844 &#8211; 1937)<br \/>\nOrgelsymphonie Nr. 6 g-Moll op. 42\/2<br \/>\n<i>Allegro<\/i><br \/>\n<i>Adagio<br \/>\nIntermezzo<br \/>\nCantabile<\/i><br \/>\n<i>Final<\/i><\/p>\n<p>&nbsp;<\/p>\n","protected":false},"excerpt":{"rendered":"<p>Nach einer zweij\u00e4hrigen der Pandemie geschuldeten Pause freuen wir uns, Sie heuer wieder traditionell am Pfingstsonntag zur \u201eSchongauer Orgelnacht\u201c, wenn auch reduziert auf nur drei Konzerte, als Live-Veranstaltung in der Stadtpfarrkirche Mariae Himmelfahrt begr\u00fc\u00dfen zu d\u00fcrfen! Genau vor 10 Jahren &#8211; am Pfingstsonntag 2012 &#8211; fand die feierliche Weihe unserer Hauptorgel durch den emeritierten Bischof von Augsburg, Dr. Viktor Josef Dammertz, statt &#8211; und dieses Jubil\u00e4um m\u00f6chten wir in den drei Konzerten des heutigen Abends begehen. Wir laden Sie ein, &hellip; <\/p>\n","protected":false},"author":1,"featured_media":241,"parent":0,"menu_order":0,"comment_status":"closed","ping_status":"closed","template":"","meta":{"ngg_post_thumbnail":0,"footnotes":""},"class_list":["post-13","page","type-page","status-publish","has-post-thumbnail","hentry"],"_links":{"self":[{"href":"http:\/\/www.musik-zum-tagesausklang.de\/index.php?rest_route=\/wp\/v2\/pages\/13","targetHints":{"allow":["GET"]}}],"collection":[{"href":"http:\/\/www.musik-zum-tagesausklang.de\/index.php?rest_route=\/wp\/v2\/pages"}],"about":[{"href":"http:\/\/www.musik-zum-tagesausklang.de\/index.php?rest_route=\/wp\/v2\/types\/page"}],"author":[{"embeddable":true,"href":"http:\/\/www.musik-zum-tagesausklang.de\/index.php?rest_route=\/wp\/v2\/users\/1"}],"replies":[{"embeddable":true,"href":"http:\/\/www.musik-zum-tagesausklang.de\/index.php?rest_route=%2Fwp%2Fv2%2Fcomments&post=13"}],"version-history":[{"count":34,"href":"http:\/\/www.musik-zum-tagesausklang.de\/index.php?rest_route=\/wp\/v2\/pages\/13\/revisions"}],"predecessor-version":[{"id":836,"href":"http:\/\/www.musik-zum-tagesausklang.de\/index.php?rest_route=\/wp\/v2\/pages\/13\/revisions\/836"}],"wp:featuredmedia":[{"embeddable":true,"href":"http:\/\/www.musik-zum-tagesausklang.de\/index.php?rest_route=\/wp\/v2\/media\/241"}],"wp:attachment":[{"href":"http:\/\/www.musik-zum-tagesausklang.de\/index.php?rest_route=%2Fwp%2Fv2%2Fmedia&parent=13"}],"curies":[{"name":"wp","href":"https:\/\/api.w.org\/{rel}","templated":true}]}}