{"id":108,"date":"2019-01-22T14:25:22","date_gmt":"2019-01-22T14:25:22","guid":{"rendered":"http:\/\/musik-zum-tagesausklang.de\/?page_id=108"},"modified":"2019-01-23T19:35:14","modified_gmt":"2019-01-23T19:35:14","slug":"27-april","status":"publish","type":"page","link":"http:\/\/www.musik-zum-tagesausklang.de\/?page_id=108","title":{"rendered":"27. April 2019"},"content":{"rendered":"<h5><img loading=\"lazy\" decoding=\"async\" class=\"size-medium wp-image-205 alignright\" src=\"http:\/\/musik-zum-tagesausklang.de\/wp-content\/uploads\/2019\/01\/Stefan_Weinand_hohe-Aufloesung-e1548272060840-244x300.jpg\" alt=\"\" width=\"244\" height=\"300\" srcset=\"http:\/\/www.musik-zum-tagesausklang.de\/wp-content\/uploads\/2019\/01\/Stefan_Weinand_hohe-Aufloesung-e1548272060840-244x300.jpg 244w, http:\/\/www.musik-zum-tagesausklang.de\/wp-content\/uploads\/2019\/01\/Stefan_Weinand_hohe-Aufloesung-e1548272060840-768x945.jpg 768w, http:\/\/www.musik-zum-tagesausklang.de\/wp-content\/uploads\/2019\/01\/Stefan_Weinand_hohe-Aufloesung-e1548272060840-832x1024.jpg 832w, http:\/\/www.musik-zum-tagesausklang.de\/wp-content\/uploads\/2019\/01\/Stefan_Weinand_hohe-Aufloesung-e1548272060840.jpg 1013w\" sizes=\"auto, (max-width: 244px) 100vw, 244px\" \/>Samstag, 27. April\u00a02019 \/ 19.00 Uhr<br \/>\nStadtpfarrkirche \u201eMariae Himmelfahrt\u201c<\/h5>\n<h4>Viola und Orgel<\/h4>\n<p>&nbsp;<\/p>\n<p>Camille SAINT-SA\u00cbNS<br \/>\n(1835 &#8211; 1921)<br \/>\nLe Cygne<br \/>\n<em>Andantino grazioso<\/em><\/p>\n<p>&nbsp;<\/p>\n<p>Gabriel FAUR\u00c9<br \/>\n(1845 &#8211; 1924)<\/p>\n<p>Apr\u00e8s un r\u00eave<br \/>\nop. 7\/1<\/p>\n<p>Sicilienne<br \/>\nop. 78<\/p>\n<p>&nbsp;<\/p>\n<p>Edward ELGAR<br \/>\n(1857 &#8211; 1934)<br \/>\nSalut d\u2019amour<br \/>\nop. 12<\/p>\n<p>&nbsp;<\/p>\n<p>Georg Philipp TELEMANN<br \/>\n(1681 &#8211; 1767)<br \/>\nSonate e-Moll f\u00fcr Viola und Continuo<br \/>\n<em>Cantabile<\/em><br \/>\n<em>Allegro<\/em><br \/>\n<em>Recitativo<\/em><br \/>\n<em>Arioso<\/em><br \/>\n<em>Vivace<\/em><\/p>\n<p>&nbsp;<\/p>\n<p>Georg Friedrich H\u00c4NDEL<br \/>\n(1685 &#8211; 1759)<br \/>\nSonate C-Dur f\u00fcr Viola und Orgel<br \/>\n<em>Adagio<\/em><br \/>\n<em>Allegro<\/em><br \/>\n<em>Adagio<\/em><br \/>\n<em>Allegro<\/em><\/p>\n<p>&nbsp;<\/p>\n<p>__________________________________________________<\/p>\n<p><em>Stefan Weinand, Viola<\/em><br \/>\n<em>Andreas Wiesmann, Orgel<\/em><\/p>\n","protected":false},"excerpt":{"rendered":"<p>Samstag, 27. April\u00a02019 \/ 19.00 Uhr Stadtpfarrkirche \u201eMariae Himmelfahrt\u201c Viola und Orgel &nbsp; Camille SAINT-SA\u00cbNS (1835 &#8211; 1921) Le Cygne Andantino grazioso &nbsp; Gabriel FAUR\u00c9 (1845 &#8211; 1924) Apr\u00e8s un r\u00eave op. 7\/1 Sicilienne op. 78 &nbsp; Edward ELGAR (1857 &#8211; 1934) Salut d\u2019amour op. 12 &nbsp; Georg Philipp TELEMANN (1681 &#8211; 1767) Sonate e-Moll f\u00fcr Viola und Continuo Cantabile Allegro Recitativo Arioso Vivace &nbsp; Georg Friedrich H\u00c4NDEL (1685 &#8211; 1759) Sonate C-Dur f\u00fcr Viola und Orgel Adagio Allegro Adagio &hellip; <\/p>\n","protected":false},"author":1,"featured_media":0,"parent":0,"menu_order":0,"comment_status":"closed","ping_status":"closed","template":"","meta":{"ngg_post_thumbnail":0,"footnotes":""},"class_list":["post-108","page","type-page","status-publish","hentry"],"_links":{"self":[{"href":"http:\/\/www.musik-zum-tagesausklang.de\/index.php?rest_route=\/wp\/v2\/pages\/108","targetHints":{"allow":["GET"]}}],"collection":[{"href":"http:\/\/www.musik-zum-tagesausklang.de\/index.php?rest_route=\/wp\/v2\/pages"}],"about":[{"href":"http:\/\/www.musik-zum-tagesausklang.de\/index.php?rest_route=\/wp\/v2\/types\/page"}],"author":[{"embeddable":true,"href":"http:\/\/www.musik-zum-tagesausklang.de\/index.php?rest_route=\/wp\/v2\/users\/1"}],"replies":[{"embeddable":true,"href":"http:\/\/www.musik-zum-tagesausklang.de\/index.php?rest_route=%2Fwp%2Fv2%2Fcomments&post=108"}],"version-history":[{"count":15,"href":"http:\/\/www.musik-zum-tagesausklang.de\/index.php?rest_route=\/wp\/v2\/pages\/108\/revisions"}],"predecessor-version":[{"id":208,"href":"http:\/\/www.musik-zum-tagesausklang.de\/index.php?rest_route=\/wp\/v2\/pages\/108\/revisions\/208"}],"wp:attachment":[{"href":"http:\/\/www.musik-zum-tagesausklang.de\/index.php?rest_route=%2Fwp%2Fv2%2Fmedia&parent=108"}],"curies":[{"name":"wp","href":"https:\/\/api.w.org\/{rel}","templated":true}]}}