{"id":1043,"date":"2024-07-21T11:52:17","date_gmt":"2024-07-21T11:52:17","guid":{"rendered":"http:\/\/www.musik-zum-tagesausklang.de\/?page_id=1043"},"modified":"2024-07-21T11:52:27","modified_gmt":"2024-07-21T11:52:27","slug":"24-november-2024","status":"publish","type":"page","link":"http:\/\/www.musik-zum-tagesausklang.de\/?page_id=1043","title":{"rendered":"24. November 2024"},"content":{"rendered":"<h5><img loading=\"lazy\" decoding=\"async\" class=\"alignright size-medium wp-image-728\" src=\"http:\/\/www.musik-zum-tagesausklang.de\/wp-content\/uploads\/2021\/07\/Hauptorgel-MaH-300x200.jpg\" alt=\"\" width=\"300\" height=\"200\" srcset=\"http:\/\/www.musik-zum-tagesausklang.de\/wp-content\/uploads\/2021\/07\/Hauptorgel-MaH-300x200.jpg 300w, http:\/\/www.musik-zum-tagesausklang.de\/wp-content\/uploads\/2021\/07\/Hauptorgel-MaH-1024x683.jpg 1024w, http:\/\/www.musik-zum-tagesausklang.de\/wp-content\/uploads\/2021\/07\/Hauptorgel-MaH-768x512.jpg 768w, http:\/\/www.musik-zum-tagesausklang.de\/wp-content\/uploads\/2021\/07\/Hauptorgel-MaH-1536x1024.jpg 1536w, http:\/\/www.musik-zum-tagesausklang.de\/wp-content\/uploads\/2021\/07\/Hauptorgel-MaH-2048x1365.jpg 2048w\" sizes=\"auto, (max-width: 300px) 100vw, 300px\" \/>Sonntag, 24. November 2024 \/ 19.00 Uhr<br \/>\nStadtpfarrkirche Mariae Himmelfahrt<\/h5>\n<h5>&nbsp;<\/h5>\n<p>&nbsp;<\/p>\n<p>&nbsp;<\/p>\n<h4>Benefizkonzert<\/h4>\n<div class=\"o9v6fnle cxmmr5t8 oygrvhab hcukyx3x c1et5uql\">&nbsp;<\/div>\n<p><b>Musik zum Ausklang des Kirchenjahres<\/b><\/p>\n<p><b>am Christk\u00f6nigs-Sonntag<\/b><\/p>\n<p><b>&nbsp;<\/b><\/p>\n<p><b>BENEFIZKONZERT<\/b><\/p>\n<p>&nbsp;<\/p>\n<p>Das detaillierte Programm wird gesondert bekanntgegeben.<\/p>\n<p>&nbsp;<\/p>\n<p>&nbsp;<\/p>\n<p>Der Erl\u00f6s kommt dem F\u00f6rderverein der Stadtpfarrkirche<br \/>\nzur Beschaffung des neuen Gel\u00e4utes zugute.<\/p>\n<p>&nbsp;<\/p>\n<p>&nbsp;<\/p>\n","protected":false},"excerpt":{"rendered":"<p>Sonntag, 24. November 2024 \/ 19.00 Uhr Stadtpfarrkirche Mariae Himmelfahrt &nbsp; &nbsp; &nbsp; Benefizkonzert &nbsp; Musik zum Ausklang des Kirchenjahres am Christk\u00f6nigs-Sonntag &nbsp; BENEFIZKONZERT &nbsp; Das detaillierte Programm wird gesondert bekanntgegeben. &nbsp; &nbsp; Der Erl\u00f6s kommt dem F\u00f6rderverein der Stadtpfarrkirche zur Beschaffung des neuen Gel\u00e4utes zugute. &nbsp; &nbsp;<\/p>\n","protected":false},"author":1,"featured_media":0,"parent":0,"menu_order":0,"comment_status":"closed","ping_status":"closed","template":"","meta":{"ngg_post_thumbnail":0,"footnotes":""},"class_list":["post-1043","page","type-page","status-publish","hentry"],"_links":{"self":[{"href":"http:\/\/www.musik-zum-tagesausklang.de\/index.php?rest_route=\/wp\/v2\/pages\/1043","targetHints":{"allow":["GET"]}}],"collection":[{"href":"http:\/\/www.musik-zum-tagesausklang.de\/index.php?rest_route=\/wp\/v2\/pages"}],"about":[{"href":"http:\/\/www.musik-zum-tagesausklang.de\/index.php?rest_route=\/wp\/v2\/types\/page"}],"author":[{"embeddable":true,"href":"http:\/\/www.musik-zum-tagesausklang.de\/index.php?rest_route=\/wp\/v2\/users\/1"}],"replies":[{"embeddable":true,"href":"http:\/\/www.musik-zum-tagesausklang.de\/index.php?rest_route=%2Fwp%2Fv2%2Fcomments&post=1043"}],"version-history":[{"count":1,"href":"http:\/\/www.musik-zum-tagesausklang.de\/index.php?rest_route=\/wp\/v2\/pages\/1043\/revisions"}],"predecessor-version":[{"id":1044,"href":"http:\/\/www.musik-zum-tagesausklang.de\/index.php?rest_route=\/wp\/v2\/pages\/1043\/revisions\/1044"}],"wp:attachment":[{"href":"http:\/\/www.musik-zum-tagesausklang.de\/index.php?rest_route=%2Fwp%2Fv2%2Fmedia&parent=1043"}],"curies":[{"name":"wp","href":"https:\/\/api.w.org\/{rel}","templated":true}]}}