{"id":1031,"date":"2024-07-21T11:27:16","date_gmt":"2024-07-21T11:27:16","guid":{"rendered":"http:\/\/www.musik-zum-tagesausklang.de\/?page_id=1031"},"modified":"2024-07-21T11:29:02","modified_gmt":"2024-07-21T11:29:02","slug":"27-juli-2024","status":"publish","type":"page","link":"http:\/\/www.musik-zum-tagesausklang.de\/?page_id=1031","title":{"rendered":"27. Juli 2024"},"content":{"rendered":"<h5><img loading=\"lazy\" decoding=\"async\" class=\"alignright size-medium wp-image-455\" src=\"http:\/\/www.musik-zum-tagesausklang.de\/wp-content\/uploads\/2019\/08\/DSC00285-300x200.jpg\" alt=\"\" width=\"300\" height=\"200\" srcset=\"http:\/\/www.musik-zum-tagesausklang.de\/wp-content\/uploads\/2019\/08\/DSC00285-300x200.jpg 300w, http:\/\/www.musik-zum-tagesausklang.de\/wp-content\/uploads\/2019\/08\/DSC00285-768x512.jpg 768w, http:\/\/www.musik-zum-tagesausklang.de\/wp-content\/uploads\/2019\/08\/DSC00285-1024x683.jpg 1024w\" sizes=\"auto, (max-width: 300px) 100vw, 300px\" \/>Samstag, 27. Juli 2024 \/ 19.00 Uhr<br \/>\nPfarrkirche Verkl\u00e4rung Christi<\/h5>\n<h5>&nbsp;<\/h5>\n<p>&nbsp;<\/p>\n<p>&nbsp;<\/p>\n<h4>Orgelmusik<br \/>\ndes franz\u00f6sischen und deutschen Barock<\/h4>\n<p>&nbsp;<\/p>\n<div class=\"o9v6fnle cxmmr5t8 oygrvhab hcukyx3x c1et5uql\">&nbsp;<\/div>\n<div>&nbsp;<\/div>\n<p>&nbsp;<\/p>\n<p>&nbsp;<\/p>\n<p>Louis-Nicolas CL\u00c9RAMBAULT<br \/>\n(1676 &#8211; 1749)<br \/>\nSuite du Deuxi\u00e8me Ton<br \/>\n<i>Plein Jeu<br \/>\n<\/i><i>Duo<br \/>\n<\/i><i>Trio<br \/>\n<\/i><i>Basse de Cromorne<br \/>\n<\/i><i>Fl\u00fbtes<br \/>\n<\/i><i>R\u00e9cit de Nazard<br \/>\n<\/i><i>Caprice sur les Grands Jeux<\/i><\/p>\n<p><i>&nbsp;<\/i><\/p>\n<p><i>&nbsp;<\/i><\/p>\n<p>Johann Sebastian BACH<br \/>\n(1685 &#8211; 1750)<\/p>\n<p>Schm\u00fccke dich, o liebe Seele<br \/>\nBWV 654<br \/>\naus den \u201eLeipziger Orgelchor\u00e4len\u201d<\/p>\n<p>&nbsp;<\/p>\n<p>Toccata und Fuge in d dorisch<br \/>\nBWV 538<\/p>\n<p>&nbsp;<\/p>\n<p>&nbsp;<\/p>\n<p>&nbsp;<\/p>\n<p>&nbsp;<\/p>\n<div>&nbsp;<\/div>\n<p>__________________________________________________<\/p>\n<p><em>Andreas Wiesmann, Orgel<br \/>\n<\/em><\/p>\n","protected":false},"excerpt":{"rendered":"<p>Samstag, 27. Juli 2024 \/ 19.00 Uhr Pfarrkirche Verkl\u00e4rung Christi &nbsp; &nbsp; &nbsp; Orgelmusik des franz\u00f6sischen und deutschen Barock &nbsp; &nbsp; &nbsp; &nbsp; &nbsp; Louis-Nicolas CL\u00c9RAMBAULT (1676 &#8211; 1749) Suite du Deuxi\u00e8me Ton Plein Jeu Duo Trio Basse de Cromorne Fl\u00fbtes R\u00e9cit de Nazard Caprice sur les Grands Jeux &nbsp; &nbsp; Johann Sebastian BACH (1685 &#8211; 1750) Schm\u00fccke dich, o liebe Seele BWV 654 aus den \u201eLeipziger Orgelchor\u00e4len\u201d &nbsp; Toccata und Fuge in d dorisch BWV 538 &nbsp; &nbsp; &nbsp; &hellip; <\/p>\n","protected":false},"author":1,"featured_media":0,"parent":0,"menu_order":0,"comment_status":"closed","ping_status":"closed","template":"","meta":{"ngg_post_thumbnail":0,"footnotes":""},"class_list":["post-1031","page","type-page","status-publish","hentry"],"_links":{"self":[{"href":"http:\/\/www.musik-zum-tagesausklang.de\/index.php?rest_route=\/wp\/v2\/pages\/1031","targetHints":{"allow":["GET"]}}],"collection":[{"href":"http:\/\/www.musik-zum-tagesausklang.de\/index.php?rest_route=\/wp\/v2\/pages"}],"about":[{"href":"http:\/\/www.musik-zum-tagesausklang.de\/index.php?rest_route=\/wp\/v2\/types\/page"}],"author":[{"embeddable":true,"href":"http:\/\/www.musik-zum-tagesausklang.de\/index.php?rest_route=\/wp\/v2\/users\/1"}],"replies":[{"embeddable":true,"href":"http:\/\/www.musik-zum-tagesausklang.de\/index.php?rest_route=%2Fwp%2Fv2%2Fcomments&post=1031"}],"version-history":[{"count":3,"href":"http:\/\/www.musik-zum-tagesausklang.de\/index.php?rest_route=\/wp\/v2\/pages\/1031\/revisions"}],"predecessor-version":[{"id":1034,"href":"http:\/\/www.musik-zum-tagesausklang.de\/index.php?rest_route=\/wp\/v2\/pages\/1031\/revisions\/1034"}],"wp:attachment":[{"href":"http:\/\/www.musik-zum-tagesausklang.de\/index.php?rest_route=%2Fwp%2Fv2%2Fmedia&parent=1031"}],"curies":[{"name":"wp","href":"https:\/\/api.w.org\/{rel}","templated":true}]}}